{"id":7,"date":"2025-04-09T06:17:46","date_gmt":"2025-04-09T06:17:46","guid":{"rendered":"https:\/\/artenahotel.com\/?page_id=7"},"modified":"2025-06-30T14:00:43","modified_gmt":"2025-06-30T14:00:43","slug":"naslovnica","status":"publish","type":"page","link":"https:\/\/artenahotel.com\/","title":{"rendered":"Naslovnica"},"content":{"rendered":"\t\t<div data-elementor-type=\"wp-page\" data-elementor-id=\"7\" class=\"elementor elementor-7\" data-elementor-post-type=\"page\">\n\t\t\t\t<div class=\"elementor-element elementor-element-25bae22 e-con-full e-flex e-con e-parent\" data-id=\"25bae22\" data-element_type=\"container\">\n\t\t<div class=\"elementor-element elementor-element-37c2c7e e-con-full e-flex e-con e-child\" data-id=\"37c2c7e\" data-element_type=\"container\">\n\t\t\t\t<div class=\"elementor-element elementor-element-d740cac animated-slow elementor-invisible elementor-widget elementor-widget-heading\" data-id=\"d740cac\" data-element_type=\"widget\" data-settings=\"{&quot;_animation&quot;:&quot;fadeInDown&quot;}\" data-widget_type=\"heading.default\">\n\t\t\t\t<div class=\"elementor-widget-container\">\n\t\t\t\t\t<h1 class=\"elementor-heading-title elementor-size-default\">Hotel Artena<\/h1>\t\t\t\t<\/div>\n\t\t\t\t<\/div>\n\t\t\t\t<div class=\"elementor-element elementor-element-8c077f9 animated-slow elementor-invisible elementor-widget elementor-widget-heading\" data-id=\"8c077f9\" data-element_type=\"widget\" data-settings=\"{&quot;_animation&quot;:&quot;fadeIn&quot;}\" data-widget_type=\"heading.default\">\n\t\t\t\t<div class=\"elementor-widget-container\">\n\t\t\t\t\t<h2 class=\"elementor-heading-title elementor-size-default\">Mjesto za odmor u srcu Pule<\/h2>\t\t\t\t<\/div>\n\t\t\t\t<\/div>\n\t\t\t\t<div class=\"elementor-element elementor-element-775d57b elementor-widget elementor-widget-button\" data-id=\"775d57b\" data-element_type=\"widget\" data-widget_type=\"button.default\">\n\t\t\t\t<div class=\"elementor-widget-container\">\n\t\t\t\t\t\t\t\t\t<div class=\"elementor-button-wrapper\">\n\t\t\t\t\t<a class=\"elementor-button elementor-button-link elementor-size-sm\" href=\"https:\/\/artenahotel.book.rentl.io\">\n\t\t\t\t\t\t<span class=\"elementor-button-content-wrapper\">\n\t\t\t\t\t\t\t\t\t<span class=\"elementor-button-text\">Rezervirajte sada<\/span>\n\t\t\t\t\t<\/span>\n\t\t\t\t\t<\/a>\n\t\t\t\t<\/div>\n\t\t\t\t\t\t\t\t<\/div>\n\t\t\t\t<\/div>\n\t\t\t\t<\/div>\n\t\t\t\t<div class=\"elementor-element elementor-element-b2f595a elementor--h-position-center elementor--v-position-middle elementor-widget elementor-widget-slides\" data-id=\"b2f595a\" data-element_type=\"widget\" data-settings=\"{&quot;navigation&quot;:&quot;none&quot;,&quot;autoplay&quot;:&quot;yes&quot;,&quot;pause_on_hover&quot;:&quot;yes&quot;,&quot;pause_on_interaction&quot;:&quot;yes&quot;,&quot;autoplay_speed&quot;:5000,&quot;infinite&quot;:&quot;yes&quot;,&quot;transition&quot;:&quot;slide&quot;,&quot;transition_speed&quot;:500}\" data-widget_type=\"slides.default\">\n\t\t\t\t<div class=\"elementor-widget-container\">\n\t\t\t\t\t\t\t\t\t<div class=\"elementor-swiper\">\n\t\t\t\t\t<div class=\"elementor-slides-wrapper elementor-main-swiper swiper\" role=\"region\" aria-roledescription=\"carousel\" aria-label=\"Slides\" dir=\"ltr\" data-animation=\"fadeInUp\">\n\t\t\t\t<div class=\"swiper-wrapper elementor-slides\">\n\t\t\t\t\t\t\t\t\t\t<div class=\"elementor-repeater-item-6727b72 swiper-slide\" role=\"group\" aria-roledescription=\"slide\"><div class=\"swiper-slide-bg\" role=\"img\"><\/div><div class=\"elementor-background-overlay\"><\/div><div class=\"swiper-slide-inner\" ><div class=\"swiper-slide-contents\"><\/div><\/div><\/div><div class=\"elementor-repeater-item-12f25de swiper-slide\" role=\"group\" aria-roledescription=\"slide\"><div class=\"swiper-slide-bg\" role=\"img\"><\/div><div class=\"elementor-background-overlay\"><\/div><div class=\"swiper-slide-inner\" ><div class=\"swiper-slide-contents\"><\/div><\/div><\/div><div class=\"elementor-repeater-item-c804a99 swiper-slide\" role=\"group\" aria-roledescription=\"slide\"><div class=\"swiper-slide-bg\" role=\"img\"><\/div><div class=\"elementor-background-overlay\"><\/div><div class=\"swiper-slide-inner\" ><div class=\"swiper-slide-contents\"><\/div><\/div><\/div><div class=\"elementor-repeater-item-fcd38a2 swiper-slide\" role=\"group\" aria-roledescription=\"slide\"><div class=\"swiper-slide-bg\" role=\"img\"><\/div><div class=\"elementor-background-overlay\"><\/div><div class=\"swiper-slide-inner\" ><div class=\"swiper-slide-contents\"><\/div><\/div><\/div>\t\t\t\t<\/div>\n\t\t\t\t\t\t\t\t\t\t\t\t\t\t\t\t\t\t\t\t\t<\/div>\n\t\t\t\t<\/div>\n\t\t\t\t\t\t\t\t<\/div>\n\t\t\t\t<\/div>\n\t\t\t\t<\/div>\n\t\t<div class=\"elementor-element elementor-element-75bf58e e-flex e-con-boxed e-con e-parent\" data-id=\"75bf58e\" data-element_type=\"container\" data-settings=\"{&quot;background_background&quot;:&quot;video&quot;,&quot;background_video_link&quot;:&quot;https:\\\/\\\/artenahotel.com\\\/wp-content\\\/uploads\\\/2025\\\/05\\\/Pula-more.mp4&quot;,&quot;background_play_on_mobile&quot;:&quot;yes&quot;}\">\n\t\t\t\t\t<div class=\"e-con-inner\">\n\t\t<div class=\"elementor-background-video-container\">\n\t\t\t\t\t\t\t<video class=\"elementor-background-video-hosted\" autoplay muted playsinline loop><\/video>\n\t\t\t\t\t<\/div><div class=\"elementor-element elementor-element-124bc53 e-con-full animated-slow e-flex elementor-invisible e-con e-child\" data-id=\"124bc53\" data-element_type=\"container\" data-settings=\"{&quot;background_background&quot;:&quot;classic&quot;,&quot;animation&quot;:&quot;fadeInUp&quot;}\">\n\t\t\t\t<div class=\"elementor-element elementor-element-5044cba elementor-widget elementor-widget-heading\" data-id=\"5044cba\" data-element_type=\"widget\" data-widget_type=\"heading.default\">\n\t\t\t\t<div class=\"elementor-widget-container\">\n\t\t\t\t\t<h3 class=\"elementor-heading-title elementor-size-default\">Dobrodo\u0161li u Hotel Artena \u2013 Va\u0161 novi smje\u0161taj u srcu Pule\n\n<\/h3>\t\t\t\t<\/div>\n\t\t\t\t<\/div>\n\t\t\t\t<div class=\"elementor-element elementor-element-0cea35b elementor-widget elementor-widget-text-editor\" data-id=\"0cea35b\" data-element_type=\"widget\" data-widget_type=\"text-editor.default\">\n\t\t\t\t<div class=\"elementor-widget-container\">\n\t\t\t\t\t\t\t\t\t<p class=\"\" data-start=\"155\" data-end=\"488\">Hotel Artena, novootvoreni biser u Puli, nudi savr\u0161enu kombinaciju udobnosti, lokacije i sadr\u017eaja za bezbri\u017ean odmor ili poslovni boravak. Smje\u0161ten na atraktivnoj lokaciji u <strong data-start=\"329\" data-end=\"352\">Valturskoj ulici 12<\/strong>, Hotel Artena udaljen je svega <strong data-start=\"384\" data-end=\"428\">10 minuta hoda od znamenite Pulske Arene<\/strong> i <strong data-start=\"431\" data-end=\"487\">10 minuta \u0161etnje do kristalno \u010distog Jadranskog mora<\/strong>.<\/p>\n<p class=\"\" data-start=\"490\" data-end=\"758\">Svaka moderno ure\u0111ena soba u hotelu ima <strong data-start=\"530\" data-end=\"549\">vlastiti balkon<\/strong>, idealan za opu\u0161tanje nakon dana istra\u017eivanja Pule. Gosti imaju na raspolaganju <strong data-start=\"630\" data-end=\"651\">besplatan parking<\/strong>, <strong data-start=\"653\" data-end=\"689\">ukusan doru\u010dak uklju\u010den u cijenu<\/strong>, te <strong data-start=\"694\" data-end=\"717\">kafi\u0107 unutar hotela<\/strong> za jutarnju kavu ili ve\u010dernje opu\u0161tanje.<\/p>\n<p class=\"\" data-start=\"989\" data-end=\"1113\">Rezervirajte svoj boravak ve\u0107 danas i do\u017eivite Pulu iz udobnosti Hotela Artena \u2013 mjesta gdje zapo\u010dinju nezaboravne uspomene.<\/p>\t\t\t\t\t\t\t\t<\/div>\n\t\t\t\t<\/div>\n\t\t\t\t<div class=\"elementor-element elementor-element-60ab3f6 elementor-align-center elementor-widget elementor-widget-button\" data-id=\"60ab3f6\" data-element_type=\"widget\" data-widget_type=\"button.default\">\n\t\t\t\t<div class=\"elementor-widget-container\">\n\t\t\t\t\t\t\t\t\t<div class=\"elementor-button-wrapper\">\n\t\t\t\t\t<a class=\"elementor-button elementor-button-link elementor-size-sm\" href=\"https:\/\/artenahotel.book.rentl.io\">\n\t\t\t\t\t\t<span class=\"elementor-button-content-wrapper\">\n\t\t\t\t\t\t\t\t\t<span class=\"elementor-button-text\">Rezervirajte sada<\/span>\n\t\t\t\t\t<\/span>\n\t\t\t\t\t<\/a>\n\t\t\t\t<\/div>\n\t\t\t\t\t\t\t\t<\/div>\n\t\t\t\t<\/div>\n\t\t\t\t<\/div>\n\t\t\t\t\t<\/div>\n\t\t\t\t<\/div>\n\t\t<div class=\"elementor-element elementor-element-d765c29 e-flex e-con-boxed e-con e-parent\" data-id=\"d765c29\" data-element_type=\"container\" data-settings=\"{&quot;background_background&quot;:&quot;classic&quot;}\">\n\t\t\t\t\t<div class=\"e-con-inner\">\n\t\t<div class=\"elementor-element elementor-element-d83804b e-con-full e-flex e-con e-child\" data-id=\"d83804b\" data-element_type=\"container\">\n\t\t\t\t<div class=\"elementor-element elementor-element-568dbda elementor-widget elementor-widget-heading\" data-id=\"568dbda\" data-element_type=\"widget\" data-widget_type=\"heading.default\">\n\t\t\t\t<div class=\"elementor-widget-container\">\n\t\t\t\t\t<h3 class=\"elementor-heading-title elementor-size-default\">Javite nam se!<\/h3>\t\t\t\t<\/div>\n\t\t\t\t<\/div>\n\t\t\t\t<\/div>\n\t\t<div class=\"elementor-element elementor-element-4939ccf e-con-full e-flex e-con e-child\" data-id=\"4939ccf\" data-element_type=\"container\">\n\t\t<div class=\"elementor-element elementor-element-60173ca e-con-full e-flex e-con e-child\" data-id=\"60173ca\" data-element_type=\"container\">\n\t\t\t\t<div class=\"elementor-element elementor-element-206d918 elementor-widget elementor-widget-shortcode\" data-id=\"206d918\" data-element_type=\"widget\" data-widget_type=\"shortcode.default\">\n\t\t\t\t<div class=\"elementor-widget-container\">\n\t\t\t\t\t\t\t<div class=\"elementor-shortcode\">\n<div class=\"wpcf7 no-js\" id=\"wpcf7-f45-o1\" lang=\"en-US\" dir=\"ltr\" data-wpcf7-id=\"45\">\n<div class=\"screen-reader-response\"><p role=\"status\" aria-live=\"polite\" aria-atomic=\"true\"><\/p> <ul><\/ul><\/div>\n<form action=\"\/index.php?rest_route=%2Fwp%2Fv2%2Fpages%2F7#wpcf7-f45-o1\" method=\"post\" class=\"wpcf7-form init\" aria-label=\"Contact form\" novalidate=\"novalidate\" data-status=\"init\">\n<div style=\"display: none;\">\n<input type=\"hidden\" name=\"_wpcf7\" value=\"45\" \/>\n<input type=\"hidden\" name=\"_wpcf7_version\" value=\"6.0.6\" \/>\n<input type=\"hidden\" name=\"_wpcf7_locale\" value=\"en_US\" \/>\n<input type=\"hidden\" name=\"_wpcf7_unit_tag\" value=\"wpcf7-f45-o1\" \/>\n<input type=\"hidden\" name=\"_wpcf7_container_post\" value=\"0\" \/>\n<input type=\"hidden\" name=\"_wpcf7_posted_data_hash\" value=\"\" \/>\n<\/div>\n<p><label> Mail<br \/>\n<span class=\"wpcf7-form-control-wrap\" data-name=\"your-email\"><input size=\"40\" maxlength=\"400\" class=\"wpcf7-form-control wpcf7-email wpcf7-validates-as-required wpcf7-text wpcf7-validates-as-email\" autocomplete=\"email\" aria-required=\"true\" aria-invalid=\"false\" value=\"\" type=\"email\" name=\"your-email\" \/><\/span> <\/label>\n<\/p>\n<p><label> Poruka<br \/>\n<span class=\"wpcf7-form-control-wrap\" data-name=\"your-message\"><textarea cols=\"40\" rows=\"10\" maxlength=\"2000\" class=\"wpcf7-form-control wpcf7-textarea wpcf7-validates-as-required\" aria-required=\"true\" aria-invalid=\"false\" name=\"your-message\"><\/textarea><\/span> <\/label>\n<\/p>\n<p><input class=\"wpcf7-form-control wpcf7-submit has-spinner\" type=\"submit\" value=\"Po\u0161alji\" \/>\n<\/p><div class=\"wpcf7-response-output\" aria-hidden=\"true\"><\/div>\n<\/form>\n<\/div>\n<\/div>\n\t\t\t\t\t\t<\/div>\n\t\t\t\t<\/div>\n\t\t\t\t<\/div>\n\t\t<div class=\"elementor-element elementor-element-db1d90d e-con-full e-flex e-con e-child\" data-id=\"db1d90d\" data-element_type=\"container\">\n\t\t\t\t<div class=\"elementor-element elementor-element-4588b13 elementor-widget elementor-widget-heading\" data-id=\"4588b13\" data-element_type=\"widget\" data-widget_type=\"heading.default\">\n\t\t\t\t<div class=\"elementor-widget-container\">\n\t\t\t\t\t<p class=\"elementor-heading-title elementor-size-default\"><b>Mail:<\/b>\n<br><br>\n<a href=\"mailTo:info@artenahotel.com\">info@artenahotel.com<\/a>\n<br><br><br>\n<b>Telefon:<\/b>\n<br><br>\n<a href=\"tel:+385 91 638 0008\">+385 91 638 0008<\/a>\n<br><br><br>\n<b>Adresa:<\/b>&nbsp;\n<br><br>\n<a href=\"https:\/\/www.google.com\/maps\/place\/Artena+Hotel\/data=!4m2!3m1!1s0x0:0xba70e3f0607bef96?sa=X&amp;ved=1t:2428&amp;ictx=111\">Valturska 12, 52100 Pula<\/a><\/p>\t\t\t\t<\/div>\n\t\t\t\t<\/div>\n\t\t\t\t<\/div>\n\t\t\t\t<\/div>\n\t\t\t\t\t<\/div>\n\t\t\t\t<\/div>\n\t\t\t\t<\/div>\n\t\t","protected":false},"excerpt":{"rendered":"<p>Hotel Artena Mjesto za odmor u srcu Pule Rezervirajte sada Dobrodo\u0161li u Hotel Artena \u2013 Va\u0161 novi smje\u0161taj u srcu Pule Hotel Artena, novootvoreni biser u Puli, nudi savr\u0161enu kombinaciju udobnosti, lokacije i sadr\u017eaja za bezbri\u017ean odmor ili poslovni boravak. Smje\u0161ten na atraktivnoj lokaciji u Valturskoj ulici 12, Hotel Artena udaljen je svega 10 minuta &#8230; <a title=\"Naslovnica\" class=\"read-more\" href=\"https:\/\/artenahotel.com\/\" aria-label=\"Read more about Naslovnica\">Read more<\/a><\/p>\n","protected":false},"author":1,"featured_media":0,"parent":0,"menu_order":0,"comment_status":"closed","ping_status":"closed","template":"elementor_canvas","meta":{"footnotes":""},"class_list":["post-7","page","type-page","status-publish"],"_links":{"self":[{"href":"https:\/\/artenahotel.com\/index.php?rest_route=\/wp\/v2\/pages\/7","targetHints":{"allow":["GET"]}}],"collection":[{"href":"https:\/\/artenahotel.com\/index.php?rest_route=\/wp\/v2\/pages"}],"about":[{"href":"https:\/\/artenahotel.com\/index.php?rest_route=\/wp\/v2\/types\/page"}],"author":[{"embeddable":true,"href":"https:\/\/artenahotel.com\/index.php?rest_route=\/wp\/v2\/users\/1"}],"replies":[{"embeddable":true,"href":"https:\/\/artenahotel.com\/index.php?rest_route=%2Fwp%2Fv2%2Fcomments&post=7"}],"version-history":[{"count":127,"href":"https:\/\/artenahotel.com\/index.php?rest_route=\/wp\/v2\/pages\/7\/revisions"}],"predecessor-version":[{"id":168,"href":"https:\/\/artenahotel.com\/index.php?rest_route=\/wp\/v2\/pages\/7\/revisions\/168"}],"wp:attachment":[{"href":"https:\/\/artenahotel.com\/index.php?rest_route=%2Fwp%2Fv2%2Fmedia&parent=7"}],"curies":[{"name":"wp","href":"https:\/\/api.w.org\/{rel}","templated":true}]}}